{"id":825,"date":"2025-11-21T13:04:00","date_gmt":"2025-11-21T10:04:00","guid":{"rendered":"https:\/\/fellofly.pt\/streitbeilegung\/"},"modified":"2026-02-03T20:58:42","modified_gmt":"2026-02-03T17:58:42","slug":"streitbeilegung","status":"publish","type":"page","link":"https:\/\/fellofly.pt\/de\/streitbeilegung\/","title":{"rendered":"Streitbeilegung"},"content":{"rendered":"\n<h3 class=\"wp-block-heading\">1. Elektronisches Beschwerdebuch<\/h3>\n\n<p>Gem\u00e4\u00df der geltenden Gesetzgebung verf\u00fcgt <strong>[NAME DES UNTERNEHMENS]<\/strong> \u00fcber ein elektronisches Beschwerdebuch. Sie k\u00f6nnen auf die Plattform unter folgender Adresse zugreifen: <a href=\"https:\/\/www.livroreclamacoes.pt\/\" rel=\"noreferrer noopener\" target=\"_blank\">www.livroreclamacoes.pt<\/a>.<\/p>\n\n<h3 class=\"wp-block-heading\">2. Alternative Streitbeilegung (ASB)<\/h3>\n\n<p>Im Falle einer Verbraucherstreitigkeit kann sich der Verbraucher an eine Stelle zur alternativen Beilegung von Verbraucherstreitigkeiten (ASB) wenden. Da sich unser Hauptsitz in <strong>[IHR BEZIRK EINF\u00dcGEN, Z. B. LISSABON]<\/strong> befindet, ist die zust\u00e4ndige Stelle:<\/p>\n\n<p><strong>[BEISPIEL F\u00dcR LISSABON &#8211; AN IHRE REGION ANPASSEN]:<\/strong><\/p>\n\n<ul class=\"wp-block-list\">\n<li><strong>Schiedsstelle f\u00fcr Verbraucherkonflikte in Lissabon<\/strong><\/li>\n\n\n\n<li>Adresse: Rua dos Douradores, 116, 2\u00ba &#8211; 1100-207 Lissabon<\/li>\n\n\n\n<li>Website: <a href=\"http:\/\/www.centroarbitragemlisboa.pt\/\" target=\"_blank\" rel=\"noreferrer noopener\">www.centroarbitragemlisboa.pt<\/a><\/li>\n<\/ul>\n\n<h3 class=\"wp-block-heading\">3. ODR-Plattform (Europ\u00e4ische Union)<\/h3>\n\n<p>F\u00fcr Kunden mit Wohnsitz in einem anderen Mitgliedstaat der Europ\u00e4ischen Union informieren wir Sie, dass die Europ\u00e4ische Kommission eine Plattform zur Online-Streitbeilegung (ODR) bereitstellt, die unter folgender Adresse erreichbar ist: <a href=\"https:\/\/ec.europa.eu\/consumers\/odr\" rel=\"noreferrer noopener\" target=\"_blank\">ec.europa.eu\/consumers\/odr<\/a>.<\/p>\n\n<p><strong>Letzte Aktualisierung:<\/strong> 21. November 2025<\/p>\n\n<p><\/p>\n","protected":false},"excerpt":{"rendered":"<p>1. Elektronisches Beschwerdebuch Gem\u00e4\u00df der geltenden Gesetzgebung verf\u00fcgt [NAME DES UNTERNEHMENS] \u00fcber ein elektronisches Beschwerdebuch. Sie k\u00f6nnen auf die Plattform unter folgender Adresse zugreifen: www.livroreclamacoes.pt. 2. Alternative Streitbeilegung (ASB) Im Falle einer Verbraucherstreitigkeit kann sich der Verbraucher an eine Stelle zur alternativen Beilegung von Verbraucherstreitigkeiten (ASB) wenden. Da sich unser Hauptsitz in [IHR BEZIRK EINF\u00dcGEN, [&hellip;]<\/p>\n","protected":false},"author":1,"featured_media":0,"parent":0,"menu_order":0,"comment_status":"closed","ping_status":"closed","template":"","meta":{"_acf_changed":false,"footnotes":""},"class_list":["post-825","page","type-page","status-publish","hentry"],"acf":[],"_links":{"self":[{"href":"https:\/\/fellofly.pt\/de\/wp-json\/wp\/v2\/pages\/825","targetHints":{"allow":["GET"]}}],"collection":[{"href":"https:\/\/fellofly.pt\/de\/wp-json\/wp\/v2\/pages"}],"about":[{"href":"https:\/\/fellofly.pt\/de\/wp-json\/wp\/v2\/types\/page"}],"author":[{"embeddable":true,"href":"https:\/\/fellofly.pt\/de\/wp-json\/wp\/v2\/users\/1"}],"replies":[{"embeddable":true,"href":"https:\/\/fellofly.pt\/de\/wp-json\/wp\/v2\/comments?post=825"}],"version-history":[{"count":3,"href":"https:\/\/fellofly.pt\/de\/wp-json\/wp\/v2\/pages\/825\/revisions"}],"predecessor-version":[{"id":828,"href":"https:\/\/fellofly.pt\/de\/wp-json\/wp\/v2\/pages\/825\/revisions\/828"}],"wp:attachment":[{"href":"https:\/\/fellofly.pt\/de\/wp-json\/wp\/v2\/media?parent=825"}],"curies":[{"name":"wp","href":"https:\/\/api.w.org\/{rel}","templated":true}]}}